{"id":3589,"date":"2025-11-17T16:28:39","date_gmt":"2025-11-17T19:28:39","guid":{"rendered":"https:\/\/epamig.site\/itap\/?page_id=3589"},"modified":"2025-11-28T10:13:15","modified_gmt":"2025-11-28T13:13:15","slug":"siac","status":"publish","type":"page","link":"https:\/\/epamig.site\/itap\/siac\/","title":{"rendered":"SIAC"},"content":{"rendered":"\t\t<div data-elementor-type=\"wp-page\" data-elementor-id=\"3589\" class=\"elementor elementor-3589\" data-elementor-settings=\"{&quot;ha_cmc_init_switcher&quot;:&quot;no&quot;}\" data-elementor-post-type=\"page\">\n\t\t\t\t<div data-particle_enable=\"false\" data-particle-mobile-disabled=\"false\" class=\"elementor-element elementor-element-e5d4990 e-con-full e-flex e-con e-parent\" data-id=\"e5d4990\" data-element_type=\"container\" data-e-type=\"container\" data-settings=\"{&quot;background_background&quot;:&quot;classic&quot;,&quot;shape_divider_bottom&quot;:&quot;pyramids&quot;,&quot;shape_divider_bottom_negative&quot;:&quot;yes&quot;,&quot;jet_parallax_layout_list&quot;:[],&quot;_ha_eqh_enable&quot;:false}\">\n\t\t\t\t<div class=\"elementor-shape elementor-shape-bottom\" aria-hidden=\"true\" data-negative=\"true\">\n\t\t\t<svg xmlns=\"http:\/\/www.w3.org\/2000\/svg\" viewBox=\"0 0 1000 100\" preserveAspectRatio=\"none\">\n\t<path class=\"elementor-shape-fill\" d=\"M761.9,40.6L643.1,24L333.9,93.8L0.1,1H0v99h1000V1\"\/>\n<\/svg>\t\t<\/div>\n\t\t\t\t<div class=\"elementor-element elementor-element-e45a982 elementor-widget elementor-widget-heading\" data-id=\"e45a982\" data-element_type=\"widget\" data-e-type=\"widget\" data-widget_type=\"heading.default\">\n\t\t\t\t\t<h2 class=\"elementor-heading-title elementor-size-default\">Sistema Acad\u00eamico<\/h2>\t\t\t\t<\/div>\n\t\t\t\t<\/div>\n\t\t<div data-particle_enable=\"false\" data-particle-mobile-disabled=\"false\" class=\"elementor-element elementor-element-d077837 e-flex e-con-boxed e-con e-parent\" data-id=\"d077837\" data-element_type=\"container\" data-e-type=\"container\" data-settings=\"{&quot;jet_parallax_layout_list&quot;:[],&quot;_ha_eqh_enable&quot;:false}\">\n\t\t\t\t\t<div class=\"e-con-inner\">\n\t\t\t\t<div class=\"elementor-element elementor-element-8980304 elementor-widget elementor-widget-heading\" data-id=\"8980304\" data-element_type=\"widget\" data-e-type=\"widget\" data-widget_type=\"heading.default\">\n\t\t\t\t\t<h2 class=\"elementor-heading-title elementor-size-default\">SIAC<\/h2>\t\t\t\t<\/div>\n\t\t\t\t<div class=\"elementor-element elementor-element-d2f73ca elementor-widget elementor-widget-text-editor\" data-id=\"d2f73ca\" data-element_type=\"widget\" data-e-type=\"widget\" data-widget_type=\"text-editor.default\">\n\t\t\t\t\t\t\t\t\t<p>Sistema Acad\u00eamico com informa\u00e7\u00f5es para os professores, estudantes e administradores acad\u00eamicos.<\/p><p>Acesse: <strong><a href=\"https:\/\/webgiz.aix.com.br\/epamig\/index.php\" target=\"_blank\" rel=\"noopener\">https:\/\/webgiz.aix.com.br\/epamig\/index.php<\/a><\/strong><\/p>\t\t\t\t\t\t\t\t<\/div>\n\t\t\t\t\t<\/div>\n\t\t\t\t<\/div>\n\t\t\t\t<\/div>\n\t\t","protected":false},"excerpt":{"rendered":"<p>Sistema Acad\u00eamico Sistema Acad\u00eamico com informa\u00e7\u00f5es para os professores, estudantes e administradores acad\u00eamicos. Acesse: https:\/\/webgiz.aix.com.br\/epamig\/index.php<\/p>\n","protected":false},"author":1,"featured_media":0,"parent":0,"menu_order":0,"comment_status":"closed","ping_status":"closed","template":"elementor_header_footer","meta":{"_crdt_document":"","_jf_save_progress":"","footnotes":""},"class_list":["post-3589","page","type-page","status-publish","hentry"],"_links":{"self":[{"href":"https:\/\/epamig.site\/itap\/wp-json\/wp\/v2\/pages\/3589","targetHints":{"allow":["GET"]}}],"collection":[{"href":"https:\/\/epamig.site\/itap\/wp-json\/wp\/v2\/pages"}],"about":[{"href":"https:\/\/epamig.site\/itap\/wp-json\/wp\/v2\/types\/page"}],"author":[{"embeddable":true,"href":"https:\/\/epamig.site\/itap\/wp-json\/wp\/v2\/users\/1"}],"replies":[{"embeddable":true,"href":"https:\/\/epamig.site\/itap\/wp-json\/wp\/v2\/comments?post=3589"}],"version-history":[{"count":0,"href":"https:\/\/epamig.site\/itap\/wp-json\/wp\/v2\/pages\/3589\/revisions"}],"wp:attachment":[{"href":"https:\/\/epamig.site\/itap\/wp-json\/wp\/v2\/media?parent=3589"}],"curies":[{"name":"wp","href":"https:\/\/api.w.org\/{rel}","templated":true}]}}